{"id":1765,"date":"2016-07-17T14:11:35","date_gmt":"2016-07-17T12:11:35","guid":{"rendered":"http:\/\/www.alexcristin.com\/agb\/"},"modified":"2017-10-08T19:55:57","modified_gmt":"2017-10-08T17:55:57","slug":"agb","status":"publish","type":"page","link":"http:\/\/www.alexcristin.com\/it\/agb\/","title":{"rendered":"Allgemeine Gesch\u00e4ftsbedingungen"},"content":{"rendered":"<ol>\n<li>Anwendungs- und Geltungsbereich<\/li>\n<\/ol>\n<p>Der Onlineshop www.alexcristin.com bietet verschiedene Kosmetikartikel zum Kauf an. F\u00fcr s\u00e4mtliche Leistungen gelten ausschlie\u00dflich nachfolgende Bedingungen. Entgegenstehende oder von diesen Gesch\u00e4ftsbedingungen abweichende Bedingungen werden im Zweifel nur durch ausdr\u00fcckliche oder schriftliche Erkl\u00e4rung anerkannt.<\/p>\n<p>Kunden im Sinne der hier vorliegenden AGB sind sowohl Verbraucher als auch Unternehmer.<\/p>\n<ol start=\"2\">\n<li>Vertragsabschluss<\/li>\n<\/ol>\n<p>Die Bestellung des Kunden gilt als verbindliches Angebot. Die Firma Alex Cristin Natural Cosmetics KG beh\u00e4lt sich vor, die Bestellung des Kunden innerhalb von einer Woche nach Bestellungseingang anzunehmen. Die Best\u00e4tigung des Bestellungseingangs per E-Mail an den Kunden bedeutet noch keine Annahmeerkl\u00e4rung. Das Angebot des Kunden ist erst dann angenommen, wenn die Firma Alex Cristin Natural Cosmetics KG die Ware an den Kunden versendet hat.<\/p>\n<ol start=\"3\">\n<li>Preise<\/li>\n<\/ol>\n<p>Bei den in den Angeboten angef\u00fchrten Kaufpreisen handelt es sich ausnahmslos um Endpreise \u2013 d.h. sie beinhalten s\u00e4mtliche Preisbestandteile einschlie\u00dflich etwaig anfallender Steuern. Im Einzelfall k\u00f6nnen bei grenz\u00fcberschreitenden Lieferungen weitere Steuern und\/oder Abgaben (z.B. Z\u00f6lle) vom Kunden zu zahlen sein. Auf eventuelle weiter anfallende Kosten und die jeweilige H\u00f6he wird im Angebotstext ausdr\u00fccklich hingewiesen.<\/p>\n<ol start=\"4\">\n<li>Beschaffenheit des Liefergegenstandes<\/li>\n<\/ol>\n<p>Durch Digitalfotografie oder durch verschiedene Einstellungen am Monitor oder bei Druckvorlagen ist es m\u00f6glich, dass die tats\u00e4chliche Farbe des Liefergegenstandes von der Bildschirm- oder Druckansicht abweicht. Die Bildschirm- oder Druckansicht der Farbmuster liefert daher lediglich eine ann\u00e4hernde Beschreibung der Farben. Die Bildschirm- oder Druckansichten der Liefergegenst\u00e4nde und die sonstigen Leistungsbeschreibungen bedeuten daher im Zweifel nicht die \u00dcbernahme einer Garantie f\u00fcr die Beschaffenheit des Liefergegenstandes.<\/p>\n<ol start=\"5\">\n<li>Liefer- und Versandbedingungen<\/li>\n<\/ol>\n<p>5.1. Die Auslieferung der Ware erfolgt grunds\u00e4tzlich, wenn nicht ausdr\u00fccklich etwas anders vereinbart wurde, auf dem Versandwege.<\/p>\n<p>5.2. Die Lieferung erfolgt an die vom Kunden angegebene Lieferanschrift. Der Kunde versichert, dass seine angegebene Lieferanschrift richtig und vollst\u00e4ndig ist. Sollten aufgrund von unvollst\u00e4ndiger oder falscher Adressdaten zus\u00e4tzliche Kosten bei der Versendung entstehen, wie etwa erneut anfallende Versandkosten, so hat der Kunde diese zu ersetzen.<\/p>\n<p>5.3. Die Vereinbarung von verbindlichen Lieferterminen oder -fristen zwischen Alex Cristin Natural Cosmetics KG und dem Kunden bedarf der Schriftform. Vereinbarte (auch aus Lieferterminen abzuleitende) Lieferfristen beginnen nicht, bevor alle zur Erf\u00fcllung der Verpflichtungen von Alex Cristin Natural Cosmetics KG erforderlichen technischen oder sonstigen Informationen, Unterlagen, Anzahlungen oder sonstigen Leistungen des Kunden als eingelangt best\u00e4tigt wurden. Der Liefertermin ist eingehalten, wenn die Ware das Werk\/Lager rechtzeitig verlassen hat oder \u2013 bei Abholung durch den Kunden \u2013 die Lieferung versandbereit ist und dem Kunden dies rechtzeitig mitgeteilt wird. Betriebsst\u00f6rungen und Ereignisse h\u00f6herer Gewalt sowie andere Ereignisse au\u00dferhalb des Einflussbereiches von Alex Cristin Natural Cosmetics KG, insbesondere auch Lieferverz\u00f6gerungen und dergleichen seitens der Vorlieferanten, berechtigen Alex Cristin Natural Cosmetics KG dazu, wegen des noch nicht erf\u00fcllten Teiles vom Vertrag zur\u00fcckzutreten. Bei \u201evoraussichtlichen\u201c, also nicht exakt definierten Lieferterminen oder -fristen kann der Kunde eine angemessene, mindestens 14 Tage umfassende Nachfrist setzten, sofern der voraussichtliche Liefertermin bzw. die voraussichtliche Lieferfrist um mehr als drei Wochen \u00fcberschritten wurde.<\/p>\n<p>5.4. Die Kaufpreise gelten \u2013 wenn nicht etwas anderes ausdr\u00fccklich vereinbart ist \u2013 ohne Verpackung, Fracht, Porto und Versicherung. Bei der Versendung von Waren sowohl im Inland als auch ins Ausland fallen daher zus\u00e4tzliche Liefer- und Versandkosten an, deren H\u00f6he sich nach den im Zusammenhang mit dem jeweiligen Angebot gemachten Angaben richtet.<\/p>\n<p>5.5. Die M\u00f6glichkeit einer Nachnahmelieferung besteht ausschlie\u00dflich f\u00fcr Kunden innerhalb von \u00d6sterreich. W\u00e4hlt der Kunde diese Zahlungsmethode, so erhebt die Firma Alex Cristin Natural Cosmetics KG zus\u00e4tzliche Geb\u00fchren in H\u00f6he von 5,00 Euro (\u00dcbermittlungsgeb\u00fchr und Entgelt).<\/p>\n<p>5.6. Mit Abgang der Lieferung aus dem Lager geht die Preis- und Leistungsgefahr auf den Kunden \u00fcber; dies unabh\u00e4ngig von einer f\u00fcr die Lieferung allenfalls gesondert vereinbarten Preisregelung. Befindet sich der Kunde in Annahmeverzug, haben wir das Recht, entweder die Ware bei uns unter Anrechnung einer Lagergeb\u00fchr von 0,1 % des Rechnungsbetrages pro angefangenem Kalendertag einzulagern und auf der Erf\u00fcllung des Vertrages zu bestehen, oder aber nach Setzung einer angemessenen Nachfrist vom Vertrag zur\u00fcckzutreten und die Ware nach erfolgtem R\u00fccktritt weiterzuverkaufen. F\u00fcr den Fall, dass wir von diesem R\u00fccktrittsrecht Gebrauch machen, hat der Kunde zus\u00e4tzlich zu den Lagerkosten einen pauschalierten Schadenersatz in der H\u00f6he von 25 % des Rechnungsbetrages zu bezahlen. Der \u00dcbergabe steht es gleich, wenn der Kunde in den Verzug der Annahme ger\u00e4t.<\/p>\n<ol start=\"6\">\n<li>Zahlungsbedingungen<\/li>\n<\/ol>\n<p>6.1. Werden Zahlungstermine nicht eingehalten und ger\u00e4t der Kunde in Zahlungsverzug, ist Firma Alex Cristin Natural Cosmetics KG nach Setzung einer angemessenen Nachfrist berechtigt, vom Kaufvertrag zur\u00fcckzutreten und die gelieferten Waren vom Kunden zur\u00fcckzuverlangen. Weiteres ist der Kunde verschuldensunabh\u00e4ngig dazu verpflichtet, Verzugszinsen in der H\u00f6he von 12 % per anno zu bezahlen, wobei Firma Alex Cristin Natural Cosmetics KG berechtigt ist, dar\u00fcber hinausgehende Bankzinsen im \u00fcblichen Ausma\u00df geltend zu machen. Der Kunde hat dar\u00fcber hinaus die Firma Alex Cristin Natural Cosmetics KG entstehenden Mahn- und Inkassospesen zu ersetzen, wobei er sich im speziellen verpflichtet, die anwaltlichen Mahnkosten nach RATG bzw. die Verg\u00fctung des eingeschalteten Inkassoinstitutes zu ersetzen, die sich aus der Verordnung des Bundesministeriums f\u00fcr wirtschaftliche Angelegenheiten (BGBl 141\/1996 in der geltenden Fassung) \u00fcber die H\u00f6chsts\u00e4tze der Inkassoinstituten geb\u00fchrenden Verg\u00fctungen ergeben. Sofern eine Mahnung durch die Firma Alex Cristin Natural Cosmetics KG erfolgt, verpflichtet sich der Kunde ab der zweiten Mahnung, einen Betrag von \u20ac 5,00 je Mahnung zu bezahlen. Bei Zahlung mittels Kreditkarte oder EPS-Online\u00fcberweisung wird die Forderung der Firma Alex Cristin Natural Cosmetics KG erst mit deren Einl\u00f6sung getilgt.<\/p>\n<p>6.2. Von der Firma Alex Cristin Natural Cosmetics KG akzeptierte Zahlungsmethoden sind: innerhalb von \u00d6sterreich Vorauskasse, Nachnahme, Paypal und Visa<\/p>\n<p>au\u00dferhalb \u00d6sterreichs: Vorauskasse, Paypal und Visa<\/p>\n<ol start=\"7\">\n<li>Eigentumsvorbehalt<\/li>\n<\/ol>\n<p>Bis zur vollst\u00e4ndigen Bezahlung bleibt die gelieferte Ware Eigentum von der Firma Alex Cristin Natural Cosmetics KG.<\/p>\n<ol start=\"8\">\n<li>R\u00fccktrittsrecht und -folgen<\/li>\n<\/ol>\n<p>Verbrauchern steht nach den Vorschriften des Fernabsatzrechts in Bezug auf gekaufte Waren ein R\u00fccktrittsrecht nach Ma\u00dfgabe der folgenden Belehrung zu:<\/p>\n<p>8.1 R\u00fccktrittsrecht: Wenn der Vertragspartner Verbraucher im Sinne des \u00f6sterreichischen Konsumentenschutzgesetzes ist, kann dieser von einem im Fernabsatz geschlossenen Vertrag oder einer im Fernabsatz abgegebenen Vertragserkl\u00e4rung bis zum Ablauf der in den nachstehenden Abs\u00e4tzen genannten Fristen zur\u00fcck treten. Es gen\u00fcgt, wenn die R\u00fccktrittserkl\u00e4rung innerhalb dieser Frist abgesendet wird.<\/p>\n<p>8.2 Die R\u00fccktrittsfrist betr\u00e4gt sieben Werktage, wobei der Samstag nicht als Werktag z\u00e4hlt. Sie beginnt bei Vertr\u00e4gen \u00fcber die Lieferung von Waren mit dem Tag ihres Einganges beim Verbraucher, bei Vertr\u00e4gen \u00fcber die Erbringung von Dienstleistungen mit dem Tag des Vertragsabschlusses.<\/p>\n<p>8.3. Der Verbraucher hat kein R\u00fccktrittsrecht bei Vertr\u00e4gen \u00fcber Dienstleistungen, mit deren Ausf\u00fchrungen dem Verbraucher gegen\u00fcber vereinbarungsgem\u00e4\u00df innerhalb von sieben Werktagen ab Vertragsabschluss begonnen wird.<\/p>\n<p>8.4. Im Falle eines wirksamen R\u00fccktritts sind die beiderseits empfangenen Leistungen zur\u00fcckzustellen und gegebenenfalls gezogene Nutzungen (z.B. Zinsen) herauszugeben. Kann der Kunde die empfangene Leistung ganz oder teilweise nicht oder nur in verschlechtertem Zustand zur\u00fcckstellen, muss er der Firma Alex Cristin Natural Cosmetics KG insoweit Wertersatz leisten. Der Kunde kann die Wertersatzpflicht vermeiden, indem er die Sache nicht wie ein Eigent\u00fcmer in Gebrauch nimmt und alles unterl\u00e4sst, was deren Wert beeintr\u00e4chtigt. Paketversandf\u00e4hige Sachen sind auf Kosten des Kunden zur\u00fcckzusenden. Nicht paketversandf\u00e4hige Sachen werden bei dem Kunden auf Kosten von Firma Alex Cristin Natural Cosmetics KG abgeholt.<\/p>\n<p>F\u00fcr den Fall einer beabsichtigten R\u00fccksendung besteht f\u00fcr den Kunden die M\u00f6glichkeit, sich f\u00fcr die R\u00fccksendung der Ware die Abholung von DHL \u00fcber die Firma Alex Cristin Natural Cosmetics KG zu beantragen. Das Widerrufsrecht und seine Folgen bestehen selbstverst\u00e4ndlich unabh\u00e4ngig von der Nutzung des Abholservices; dieser dient lediglich einer erleichterten Abwicklung der Retoure.<\/p>\n<ol start=\"9\">\n<li>Gew\u00e4hrleistungsbedingungen<\/li>\n<\/ol>\n<p>Etwaige Anfragen und\/oder Beanstandungen sind bitte an die obig angef\u00fchrten Kontaktdaten zu richten.<\/p>\n<ol start=\"10\">\n<li>Haftung<\/li>\n<\/ol>\n<p>Die Firma Alex Cristin Natural Cosmetics KG haftet in F\u00e4llen des Vorsatzes oder der groben Fahrl\u00e4ssigkeit nach den gesetzlichen Bestimmungen. Die Haftung f\u00fcr Garantien erfolgt verschuldensunabh\u00e4ngig. F\u00fcr leichte Fahrl\u00e4ssigkeit haftet ausschlie\u00dflich nach den Vorschriften des Produkthaftungsgesetzes, wegen der Verletzung des Lebens, des K\u00f6rpers oder der Gesundheit, wegen der Verletzung wesentlicher Vertragspflichten, wegen arglistigen Verschweigens eines Mangels. Der Schadensersatzanspruch f\u00fcr die leicht fahrl\u00e4ssige Verletzung wesentlicher Vertragspflichten ist jedoch auf den vertragstypischen, vorhersehbaren Schaden begrenzt, soweit nicht wegen der Verletzung des Lebens, des K\u00f6rpers oder der Gesundheit gehaftet wird. Eine weitergehende Haftung ist ausgeschlossen.<\/p>\n<ol start=\"11\">\n<li>Schlussbestimmungen<\/li>\n<\/ol>\n<p>11.1. Es gilt das \u00f6sterreichische Recht.<\/p>\n<p>11.2. Die Bestimmungen des \u00dcbereinkommens der Vereinten Nationen \u00fcber Vertr\u00e4ge \u00fcber den internationalen Warenkauf (UN-Kaufrecht) finden keine Anwendung.<\/p>\n<p>11.3. Erf\u00fcllungsort f\u00fcr alle vertraglichen und gesetzlichen Anspr\u00fcche ist, soweit nicht etwas anderes bestimmt ist oder zwingende gesetzliche Vorschriften entgegenstehen der Gesch\u00e4ftssitz der Firma Alex Cristin Natural Cosmetics KG.<\/p>\n<p>11.4. Gerichtsstand ist Klagenfurt am W\u00f6rthersee<\/p>\n","protected":false},"excerpt":{"rendered":"<p>Anwendungs- und Geltungsbereich Der Onlineshop www.alexcristin.com bietet verschiedene Kosmetikartikel zum Kauf an. F\u00fcr s\u00e4mtliche Leistungen gelten ausschlie\u00dflich nachfolgende Bedingungen. Entgegenstehende oder von diesen Gesch\u00e4ftsbedingungen abweichende Bedingungen werden im Zweifel nur durch ausdr\u00fcckliche oder schriftliche Erkl\u00e4rung anerkannt. Kunden im Sinne der hier vorliegenden AGB sind sowohl Verbraucher als auch Unternehmer. Vertragsabschluss Die Bestellung des Kunden gilt<\/p>\n","protected":false},"author":1,"featured_media":0,"parent":0,"menu_order":0,"comment_status":"closed","ping_status":"closed","template":"","meta":[],"_links":{"self":[{"href":"http:\/\/www.alexcristin.com\/it\/wp-json\/wp\/v2\/pages\/1765"}],"collection":[{"href":"http:\/\/www.alexcristin.com\/it\/wp-json\/wp\/v2\/pages"}],"about":[{"href":"http:\/\/www.alexcristin.com\/it\/wp-json\/wp\/v2\/types\/page"}],"author":[{"embeddable":true,"href":"http:\/\/www.alexcristin.com\/it\/wp-json\/wp\/v2\/users\/1"}],"replies":[{"embeddable":true,"href":"http:\/\/www.alexcristin.com\/it\/wp-json\/wp\/v2\/comments?post=1765"}],"version-history":[{"count":1,"href":"http:\/\/www.alexcristin.com\/it\/wp-json\/wp\/v2\/pages\/1765\/revisions"}],"predecessor-version":[{"id":1804,"href":"http:\/\/www.alexcristin.com\/it\/wp-json\/wp\/v2\/pages\/1765\/revisions\/1804"}],"wp:attachment":[{"href":"http:\/\/www.alexcristin.com\/it\/wp-json\/wp\/v2\/media?parent=1765"}],"curies":[{"name":"wp","href":"https:\/\/api.w.org\/{rel}","templated":true}]}}