{"id":1911,"date":"2017-11-15T11:40:29","date_gmt":"2017-11-15T10:40:29","guid":{"rendered":"http:\/\/www.alexcristin.com\/shop\/rosa-li-aktiv-serum-fettfrei-15-ml\/"},"modified":"2021-11-24T19:04:05","modified_gmt":"2021-11-24T18:04:05","slug":"rosa-li-aktiv-serum-fettfrei-15-ml","status":"publish","type":"product","link":"http:\/\/www.alexcristin.com\/it\/shop\/rosa-li-aktiv-serum-fettfrei-15-ml\/","title":{"rendered":"Rosa Li. <br>siero attivo &#8211; senza oli <br> 15 ml"},"content":{"rendered":"<p><strong>Eigenschaft:<\/strong> anti age, feuchtigkeitsspendend<br \/>\n<strong>Hauttyp:<\/strong> f\u00fcr fette Haut. F\u00fcr Mischhaut als Kur in Kombination mit unserem Vitamin \u00d6l-Serum<br \/>\n<strong>Anwendung:<\/strong> Tag &amp; Nacht, nach der Gesichtsreinigung und vor dem Auftragen der Gesichtscreme.<\/p>\n<ul>\n<li><strong>Schneealge<\/strong> = hervorragende anti age Wirkstoffe, nat\u00fcrlicher UV Schutz<\/li>\n<li><strong>Aloe Vera<\/strong> = Feuchtigkeit<\/li>\n<li><strong>Rose<\/strong> = Pflege &amp; porenverfeinernd<\/li>\n<li><strong>Hyaluron<\/strong> = repair &amp; Feuchtigkeit<\/li>\n<\/ul>\n<p>&nbsp;<\/p>\n<h2><strong>Bitte klicken Sie auf das G\u00fctesiegel der Kosmetikanalyse (unten). Sie erhalten dort alle detailierten Informationen \u00fcber unsere Inhaltsstoffe!<\/strong><\/h2>\n<p>&nbsp;<\/p>\n<p><strong>Inhaltsstoffe:<\/strong> ALOE BARBADENSIS LEAF JUICE, AQUA, ROSA DAMASCENA FLOWER WATER, MALTODEXTRIN, BETAINE, CITRIC ACID, SODIUM HYALURONATE, POTASSIUM SORBATE, XANTHAN GUM, GLYCERIN, SODIUM BENZOATE, POLYGLYCERYL-4 CAPRATE, SODIUM LACTATE, COENOCHLORIS SIGNIENSIS EXTRACT, LECITHIN.<\/p>\n<p>&nbsp;<\/p>\n<p><img decoding=\"async\" loading=\"lazy\" class=\"wp-image-894 aligncenter\" src=\"http:\/\/www.alexcristin.com\/wp-content\/uploads\/2016\/03\/agz1_48_029-300x300.jpg\" alt=\"\" width=\"148\" height=\"148\" srcset=\"http:\/\/www.alexcristin.com\/wp-content\/uploads\/2016\/03\/agz1_48_029-300x300.jpg 300w, http:\/\/www.alexcristin.com\/wp-content\/uploads\/2016\/03\/agz1_48_029-150x150.jpg 150w, http:\/\/www.alexcristin.com\/wp-content\/uploads\/2016\/03\/agz1_48_029-180x180.jpg 180w, http:\/\/www.alexcristin.com\/wp-content\/uploads\/2016\/03\/agz1_48_029-187x187.jpg 187w, http:\/\/www.alexcristin.com\/wp-content\/uploads\/2016\/03\/agz1_48_029.jpg 400w\" sizes=\"(max-width: 148px) 100vw, 148px\" \/><\/p>\n<p><a href=\"http:\/\/skin.li\/d1219e24\"><img decoding=\"async\" loading=\"lazy\" class=\"wp-image-1478 aligncenter\" src=\"http:\/\/www.alexcristin.com\/wp-content\/uploads\/2016\/12\/kosmetikanalyse-v08-DE-gut-243x300.jpg\" alt=\"kosmetikanalyse-v08-de-gut\" width=\"132\" height=\"163\" srcset=\"http:\/\/www.alexcristin.com\/wp-content\/uploads\/2016\/12\/kosmetikanalyse-v08-DE-gut-243x300.jpg 243w, http:\/\/www.alexcristin.com\/wp-content\/uploads\/2016\/12\/kosmetikanalyse-v08-DE-gut-768x947.jpg 768w, http:\/\/www.alexcristin.com\/wp-content\/uploads\/2016\/12\/kosmetikanalyse-v08-DE-gut-830x1024.jpg 830w, http:\/\/www.alexcristin.com\/wp-content\/uploads\/2016\/12\/kosmetikanalyse-v08-DE-gut-152x187.jpg 152w, http:\/\/www.alexcristin.com\/wp-content\/uploads\/2016\/12\/kosmetikanalyse-v08-DE-gut.jpg 1063w\" sizes=\"(max-width: 132px) 100vw, 132px\" \/><\/a><\/p>\n<p><img decoding=\"async\" loading=\"lazy\" class=\"wp-image-2350 aligncenter\" src=\"http:\/\/www.alexcristin.com\/wp-content\/uploads\/2017\/11\/DFG_kosmetik-siegel_1_4c_02-05-18-bearbeitet-Kopie-300x164.jpg\" alt=\"\" width=\"183\" height=\"100\" srcset=\"http:\/\/www.alexcristin.com\/wp-content\/uploads\/2017\/11\/DFG_kosmetik-siegel_1_4c_02-05-18-bearbeitet-Kopie-300x164.jpg 300w, http:\/\/www.alexcristin.com\/wp-content\/uploads\/2017\/11\/DFG_kosmetik-siegel_1_4c_02-05-18-bearbeitet-Kopie-280x153.jpg 280w, http:\/\/www.alexcristin.com\/wp-content\/uploads\/2017\/11\/DFG_kosmetik-siegel_1_4c_02-05-18-bearbeitet-Kopie.jpg 600w\" sizes=\"(max-width: 183px) 100vw, 183px\" \/><\/p>\n","protected":false},"excerpt":{"rendered":"<p>Fettfreies Aktiv Serum f\u00fcr Tag und Nacht mit dem Anti-Age Wirkstoff der Schneealge und der Feuchtigkeit von Aloe Vera und Hyaluron.<\/p>\n","protected":false},"featured_media":2485,"comment_status":"closed","ping_status":"closed","template":"","meta":[],"_links":{"self":[{"href":"http:\/\/www.alexcristin.com\/it\/wp-json\/wp\/v2\/product\/1911"}],"collection":[{"href":"http:\/\/www.alexcristin.com\/it\/wp-json\/wp\/v2\/product"}],"about":[{"href":"http:\/\/www.alexcristin.com\/it\/wp-json\/wp\/v2\/types\/product"}],"replies":[{"embeddable":true,"href":"http:\/\/www.alexcristin.com\/it\/wp-json\/wp\/v2\/comments?post=1911"}],"wp:featuredmedia":[{"embeddable":true,"href":"http:\/\/www.alexcristin.com\/it\/wp-json\/wp\/v2\/media\/2485"}],"wp:attachment":[{"href":"http:\/\/www.alexcristin.com\/it\/wp-json\/wp\/v2\/media?parent=1911"}],"curies":[{"name":"wp","href":"https:\/\/api.w.org\/{rel}","templated":true}]}}