{"id":1913,"date":"2017-11-15T16:14:59","date_gmt":"2017-11-15T15:14:59","guid":{"rendered":"http:\/\/www.alexcristin.com\/shop\/rosa-li-vitamin-oel-serum-15-ml\/"},"modified":"2021-11-24T19:03:02","modified_gmt":"2021-11-24T18:03:02","slug":"rosa-li-vitamin-oel-serum-15-ml","status":"publish","type":"product","link":"http:\/\/www.alexcristin.com\/it\/shop\/rosa-li-vitamin-oel-serum-15-ml\/","title":{"rendered":"Rosa Li. <br> siero oli e vitamine <br> 15 ml"},"content":{"rendered":"<p><strong>Eigenschaft:<\/strong>\u00a0 feuchtigkeitsspendend, regenerierend<br \/>\n<strong>Hauttyp:<\/strong> f\u00fcr trockene Haut. F\u00fcr Mischhaut als Kur in Kombination mit unserem fettfreiem Aktiv Serum<br \/>\n<strong>Anwendung:<\/strong> abends nach der Gesichtsreinigung<\/p>\n<ul>\n<li><strong>Jojoba\u00f6l<\/strong> = Geschmeidigkeit, gl\u00e4ttend<\/li>\n<li><strong>Nachtkerzen\u00f6l<\/strong> =\u00a0 feuchtigkeitsspendend<\/li>\n<li><strong>Hagebuttenkern\u00f6l<\/strong> = hautberuhigend<\/li>\n<li><strong>Rose<\/strong> = Pflege &amp; porenverfeinernd<\/li>\n<li><strong>Vitamin E<\/strong> = feuchtigkeitsspendend, hautgl\u00e4ttend, beseitigt kleine F\u00e4ltchen<\/li>\n<li><strong>Limette<\/strong> = reinigend<\/li>\n<\/ul>\n<h2><\/h2>\n<h2><strong>Bitte klicken Sie auf das G\u00fctesiegel der Kosmetikanalyse (unten). Sie erhalten dort alle detailierten Informationen \u00fcber unsere Inhaltsstoffe!<\/strong><\/h2>\n<p>&nbsp;<\/p>\n<p><strong>Inhaltsstoffe:<\/strong> HELIANTHUS ANNUUS SEED OIL, SIMMONDSIA CHINENSIS (JOJOBA) SEED OIL, ROSA CANINA FRUIT OIL, OENOTHERA BIENNIS OIL, CITRUS AURANTIFOLIA PEEL EXTRACT, LIMONENE, TOCOPHEROL.<\/p>\n<p><img decoding=\"async\" loading=\"lazy\" class=\"alignnone wp-image-894 aligncenter\" src=\"http:\/\/www.alexcristin.com\/wp-content\/uploads\/2016\/03\/agz1_48_029.jpg\" width=\"150\" height=\"150\" srcset=\"http:\/\/www.alexcristin.com\/wp-content\/uploads\/2016\/03\/agz1_48_029.jpg 400w, http:\/\/www.alexcristin.com\/wp-content\/uploads\/2016\/03\/agz1_48_029-150x150.jpg 150w, http:\/\/www.alexcristin.com\/wp-content\/uploads\/2016\/03\/agz1_48_029-300x300.jpg 300w, http:\/\/www.alexcristin.com\/wp-content\/uploads\/2016\/03\/agz1_48_029-180x180.jpg 180w, http:\/\/www.alexcristin.com\/wp-content\/uploads\/2016\/03\/agz1_48_029-187x187.jpg 187w\" sizes=\"(max-width: 150px) 100vw, 150px\" \/><\/p>\n<p style=\"text-align: center;\"><a href=\"http:\/\/skin.li\/c926878c\"><img decoding=\"async\" loading=\"lazy\" class=\"alignnone wp-image-878\" src=\"http:\/\/www.alexcristin.com\/wp-content\/uploads\/2016\/07\/sehrgut-243x300.jpg\" alt=\"\" width=\"122\" height=\"150\" srcset=\"http:\/\/www.alexcristin.com\/wp-content\/uploads\/2016\/07\/sehrgut-243x300.jpg 243w, http:\/\/www.alexcristin.com\/wp-content\/uploads\/2016\/07\/sehrgut-152x187.jpg 152w, http:\/\/www.alexcristin.com\/wp-content\/uploads\/2016\/07\/sehrgut.jpg 300w\" sizes=\"(max-width: 122px) 100vw, 122px\" \/><\/a><\/p>\n<p style=\"text-align: center;\"><img decoding=\"async\" loading=\"lazy\" class=\"wp-image-2350 aligncenter\" src=\"http:\/\/www.alexcristin.com\/wp-content\/uploads\/2017\/11\/DFG_kosmetik-siegel_1_4c_02-05-18-bearbeitet-Kopie-300x164.jpg\" alt=\"\" width=\"183\" height=\"100\" srcset=\"http:\/\/www.alexcristin.com\/wp-content\/uploads\/2017\/11\/DFG_kosmetik-siegel_1_4c_02-05-18-bearbeitet-Kopie-300x164.jpg 300w, http:\/\/www.alexcristin.com\/wp-content\/uploads\/2017\/11\/DFG_kosmetik-siegel_1_4c_02-05-18-bearbeitet-Kopie-280x153.jpg 280w, http:\/\/www.alexcristin.com\/wp-content\/uploads\/2017\/11\/DFG_kosmetik-siegel_1_4c_02-05-18-bearbeitet-Kopie.jpg 600w\" sizes=\"(max-width: 183px) 100vw, 183px\" \/><\/p>\n","protected":false},"excerpt":{"rendered":"<p>Vitamin Kur f\u00fcr trockene Haut mit hochwertigen \u00d6len aus der Hagebutte, Nachtkerze, Rose und Jojobasamen. Regeneriert und beseitigt kleine F\u00e4ltchen.<\/p>\n","protected":false},"featured_media":2484,"comment_status":"closed","ping_status":"closed","template":"","meta":[],"_links":{"self":[{"href":"http:\/\/www.alexcristin.com\/it\/wp-json\/wp\/v2\/product\/1913"}],"collection":[{"href":"http:\/\/www.alexcristin.com\/it\/wp-json\/wp\/v2\/product"}],"about":[{"href":"http:\/\/www.alexcristin.com\/it\/wp-json\/wp\/v2\/types\/product"}],"replies":[{"embeddable":true,"href":"http:\/\/www.alexcristin.com\/it\/wp-json\/wp\/v2\/comments?post=1913"}],"wp:featuredmedia":[{"embeddable":true,"href":"http:\/\/www.alexcristin.com\/it\/wp-json\/wp\/v2\/media\/2484"}],"wp:attachment":[{"href":"http:\/\/www.alexcristin.com\/it\/wp-json\/wp\/v2\/media?parent=1913"}],"curies":[{"name":"wp","href":"https:\/\/api.w.org\/{rel}","templated":true}]}}