{"id":1917,"date":"2017-11-15T21:43:43","date_gmt":"2017-11-15T20:43:43","guid":{"rendered":"http:\/\/www.alexcristin.com\/shop\/alex-cristin-detox-mineral-maske-100-ml\/"},"modified":"2021-11-24T18:59:58","modified_gmt":"2021-11-24T17:59:58","slug":"alex-cristin-detox-mineral-maske-100-ml","status":"publish","type":"product","link":"http:\/\/www.alexcristin.com\/it\/shop\/alex-cristin-detox-mineral-maske-100-ml\/","title":{"rendered":"Alex Cristin <br> maschera minerale detox <br> 100 ml"},"content":{"rendered":"<p><strong>Eigenschaft:<\/strong> feuchtigkeitsspendend<br \/>\n<strong>Hauttyp:<\/strong> f\u00fcr fette Haut. F\u00fcr Mischhaut als Kur in Kombination mit unserem Vitamin \u00d6l-Serum<br \/>\n<strong>Anwendung:<\/strong> Tag &amp; Nacht, nach der Gesichtsreinigung und vor dem Auftragen der Gesichtscreme.<\/p>\n<ul>\n<li><strong>Oliven\u00f6l<\/strong> = Feuchtigkeit und Pflege<\/li>\n<li><strong>Zeolith<\/strong> = entgiftend<\/li>\n<li><strong>Zuckerr\u00fcbenextrakt<\/strong> = Reinigung, Feuchtigkeit<\/li>\n<\/ul>\n<p>&nbsp;<\/p>\n<h2><strong>Bitte klicken Sie auf das G\u00fctesiegel der Kosmetikanalyse (unten). Sie erhalten dort alle detailierten Informationen \u00fcber unsere Inhaltsstoffe!<\/strong><\/h2>\n<p>&nbsp;<\/p>\n<p><strong>Inhaltsstoffe:<\/strong> AQUA, CAPRYLIC\/CAPRIC TRIGLYCERIDE, OLEA EUROPAEA FRUIT OIL, GLYCERYL STEARATE CITRATE, GLYCERIN, CETYL ALCOHOL, STEARYL ALCOHOL, BETAINE, ZEOLITE, SODIUM LEVULINATE, GLYCERYL CAPRYLATE, CITRIC ACID, SODIUM ANISATE, TOCOPHEROL, XANTHAN GUM, HELIANTHUS ANNUUS SEED OIL.<\/p>\n<p><img decoding=\"async\" loading=\"lazy\" class=\"wp-image-894 aligncenter\" src=\"http:\/\/www.alexcristin.com\/wp-content\/uploads\/2016\/03\/agz1_48_029-300x300.jpg\" alt=\"\" width=\"148\" height=\"148\" srcset=\"http:\/\/www.alexcristin.com\/wp-content\/uploads\/2016\/03\/agz1_48_029-300x300.jpg 300w, http:\/\/www.alexcristin.com\/wp-content\/uploads\/2016\/03\/agz1_48_029-150x150.jpg 150w, http:\/\/www.alexcristin.com\/wp-content\/uploads\/2016\/03\/agz1_48_029-180x180.jpg 180w, http:\/\/www.alexcristin.com\/wp-content\/uploads\/2016\/03\/agz1_48_029-187x187.jpg 187w, http:\/\/www.alexcristin.com\/wp-content\/uploads\/2016\/03\/agz1_48_029.jpg 400w\" sizes=\"(max-width: 148px) 100vw, 148px\" \/><\/p>\n<p><a href=\"http:\/\/skin.li\/af66aa80\"><img decoding=\"async\" loading=\"lazy\" class=\"wp-image-1478 aligncenter\" src=\"http:\/\/www.alexcristin.com\/wp-content\/uploads\/2016\/12\/kosmetikanalyse-v08-DE-gut-243x300.jpg\" alt=\"kosmetikanalyse-v08-de-gut\" width=\"132\" height=\"163\" srcset=\"http:\/\/www.alexcristin.com\/wp-content\/uploads\/2016\/12\/kosmetikanalyse-v08-DE-gut-243x300.jpg 243w, http:\/\/www.alexcristin.com\/wp-content\/uploads\/2016\/12\/kosmetikanalyse-v08-DE-gut-768x947.jpg 768w, http:\/\/www.alexcristin.com\/wp-content\/uploads\/2016\/12\/kosmetikanalyse-v08-DE-gut-830x1024.jpg 830w, http:\/\/www.alexcristin.com\/wp-content\/uploads\/2016\/12\/kosmetikanalyse-v08-DE-gut-152x187.jpg 152w, http:\/\/www.alexcristin.com\/wp-content\/uploads\/2016\/12\/kosmetikanalyse-v08-DE-gut.jpg 1063w\" sizes=\"(max-width: 132px) 100vw, 132px\" \/><\/a><\/p>\n<p><img decoding=\"async\" loading=\"lazy\" class=\"wp-image-2350 aligncenter\" src=\"http:\/\/www.alexcristin.com\/wp-content\/uploads\/2017\/11\/DFG_kosmetik-siegel_1_4c_02-05-18-bearbeitet-Kopie-300x164.jpg\" alt=\"\" width=\"183\" height=\"100\" srcset=\"http:\/\/www.alexcristin.com\/wp-content\/uploads\/2017\/11\/DFG_kosmetik-siegel_1_4c_02-05-18-bearbeitet-Kopie-300x164.jpg 300w, http:\/\/www.alexcristin.com\/wp-content\/uploads\/2017\/11\/DFG_kosmetik-siegel_1_4c_02-05-18-bearbeitet-Kopie-280x153.jpg 280w, http:\/\/www.alexcristin.com\/wp-content\/uploads\/2017\/11\/DFG_kosmetik-siegel_1_4c_02-05-18-bearbeitet-Kopie.jpg 600w\" sizes=\"(max-width: 183px) 100vw, 183px\" \/><\/p>\n<p>&nbsp;<\/p>\n","protected":false},"excerpt":{"rendered":"<p>Feuchtigkeit spendende Detox Maske mit den pflegenden Eigenschaften des Oliven\u00f6ls und den entgiftenden Wirkstoffen des Minerals &#8220;Zeolith&#8221;.<\/p>\n","protected":false},"featured_media":2482,"comment_status":"closed","ping_status":"closed","template":"","meta":[],"_links":{"self":[{"href":"http:\/\/www.alexcristin.com\/it\/wp-json\/wp\/v2\/product\/1917"}],"collection":[{"href":"http:\/\/www.alexcristin.com\/it\/wp-json\/wp\/v2\/product"}],"about":[{"href":"http:\/\/www.alexcristin.com\/it\/wp-json\/wp\/v2\/types\/product"}],"replies":[{"embeddable":true,"href":"http:\/\/www.alexcristin.com\/it\/wp-json\/wp\/v2\/comments?post=1917"}],"wp:featuredmedia":[{"embeddable":true,"href":"http:\/\/www.alexcristin.com\/it\/wp-json\/wp\/v2\/media\/2482"}],"wp:attachment":[{"href":"http:\/\/www.alexcristin.com\/it\/wp-json\/wp\/v2\/media?parent=1917"}],"curies":[{"name":"wp","href":"https:\/\/api.w.org\/{rel}","templated":true}]}}